{"id":129,"date":"2018-11-19T09:43:45","date_gmt":"2018-11-19T09:43:45","guid":{"rendered":"https:\/\/dev.udoliveirensesad.pt\/?page_id=129"},"modified":"2022-11-17T11:38:58","modified_gmt":"2022-11-17T11:38:58","slug":"politica-de-privacidade","status":"publish","type":"page","link":"https:\/\/udoliveirensesad.pt\/ja\/%e3%83%97%e3%83%a9%e3%82%a4%e3%83%90%e3%82%b7%e3%83%bc%e3%83%9d%e3%83%aa%e3%82%b7%e3%83%bc\/","title":{"rendered":"\u30d7\u30e9\u30a4\u30d0\u30b7\u30fc\u30dd\u30ea\u30b7\u30fc"},"content":{"rendered":"<div data-elementor-type=\"wp-post\" data-elementor-id=\"129\" class=\"elementor elementor-129\">\n\t\t\t\t\t\t\t\t\t<section class=\"elementor-section elementor-top-section elementor-element elementor-element-1507464d elementor-section-boxed elementor-section-height-default elementor-section-height-default\" data-id=\"1507464d\" data-element_type=\"section\" data-settings=\"{&quot;background_background&quot;:&quot;classic&quot;}\">\n\t\t\t\t\t\t<div class=\"elementor-container elementor-column-gap-extended\">\n\t\t\t\t\t<div class=\"elementor-column elementor-col-100 elementor-top-column elementor-element elementor-element-459468fd sc_inner_width_none sc_layouts_column_icons_position_left\" data-id=\"459468fd\" data-element_type=\"column\">\n\t\t\t<div class=\"elementor-widget-wrap elementor-element-populated\">\n\t\t\t\t\t\t\t\t<div class=\"elementor-element elementor-element-55bb1d3b sc_fly_static elementor-widget elementor-widget-text-editor\" data-id=\"55bb1d3b\" data-element_type=\"widget\" data-widget_type=\"text-editor.default\">\n\t\t\t\t<div class=\"elementor-widget-container\">\n\t\t\t\t\t\t\t<span style=\"font-weight: 400;\">UD Oliveirense SAD \u306e\u30d7\u30e9\u30a4\u30d0\u30b7\u30fc \u30dd\u30ea\u30b7\u30fc\u306f\u3001\u3059\u3079\u3066\u306e\u6cd5\u7684\u7fa9\u52d9\u3092\u5c0a\u91cd\u3057\u307e\u3059\u3002 UD Oliveirense SAD \u306f\u3001\u3044\u304b\u306a\u308b\u7a2e\u985e\u306e\u30e6\u30fc\u30b6\u30fc \u30c7\u30fc\u30bf\u3082\u7b2c\u4e09\u8005\u306b\u8ee2\u9001\u3057\u306a\u3044\u3053\u3068\u3092\u7d04\u675f\u3057\u307e\u3059\u3002\u304a\u5ba2\u69d8\u304c www.udoliveirensesad.pt \u3068\u5171\u6709\u3059\u308b\u3053\u3068\u3092\u6c7a\u5b9a\u3057\u305f\u60c5\u5831\u306f\u3001\u30de\u30fc\u30b1\u30c6\u30a3\u30f3\u30b0\u76ee\u7684\u3067\u306e\u307f\u4f7f\u7528\u3055\u308c\u307e\u3059\u3002<\/span>\t\t\t\t\t\t<\/div>\n\t\t\t\t<\/div>\n\t\t\t\t\t<\/div>\n\t\t<\/div>\n\t\t\t\t\t\t\t<\/div>\n\t\t<\/section>\n\t\t\t\t<section class=\"elementor-section elementor-top-section elementor-element elementor-element-f581f47 elementor-section-boxed elementor-section-height-default elementor-section-height-default\" data-id=\"f581f47\" data-element_type=\"section\" data-settings=\"{&quot;background_background&quot;:&quot;classic&quot;}\">\n\t\t\t\t\t\t<div class=\"elementor-container elementor-column-gap-extended\">\n\t\t\t\t\t<div class=\"elementor-column elementor-col-100 elementor-top-column elementor-element elementor-element-327d48f2 sc_inner_width_none sc_layouts_column_icons_position_left\" data-id=\"327d48f2\" data-element_type=\"column\">\n\t\t\t<div class=\"elementor-widget-wrap elementor-element-populated\">\n\t\t\t\t\t\t\t\t<div class=\"elementor-element elementor-element-b463fa8 sc_fly_static elementor-widget elementor-widget-spacer\" data-id=\"b463fa8\" data-element_type=\"widget\" data-widget_type=\"spacer.default\">\n\t\t\t\t<div class=\"elementor-widget-container\">\n\t\t\t\t\t<div class=\"elementor-spacer\">\n\t\t\t<div class=\"elementor-spacer-inner\"><\/div>\n\t\t<\/div>\n\t\t\t\t<\/div>\n\t\t\t\t<\/div>\n\t\t\t\t<div class=\"elementor-element elementor-element-7f7dfaf7 sc_fly_static elementor-widget elementor-widget-text-editor\" data-id=\"7f7dfaf7\" data-element_type=\"widget\" data-widget_type=\"text-editor.default\">\n\t\t\t\t<div class=\"elementor-widget-container\">\n\t\t\t\t\t\t\t<h5>1. \u30c7\u30fc\u30bf\u4fdd\u8b77<\/h5><p><span style=\"font-weight: 400;\">\u53ce\u96c6\u3055\u308c\u305f\u30c7\u30fc\u30bf\u306e\u30b3\u30f3\u30d4\u30e5\u30fc\u30bf\u30fc\u5316\u3055\u308c\u305f\u51e6\u7406\u306f\u3001\u30c7\u30fc\u30bf\u4fdd\u8b77\u306b\u95a2\u3059\u308b\u6cd5\u5f8b\u306b\u6e96\u62e0\u3057\u3066\u5b9f\u884c\u3055\u308c\u3001\u7ba1\u7406\u30b5\u30dd\u30fc\u30c8\u3001\u7d71\u8a08\u3001\u304a\u3088\u3073 UD Oliveirense SAD \u306b\u3088\u308b\u65b0\u3057\u3044\u63d0\u6848\u306e\u5c06\u6765\u306e\u30d7\u30ec\u30bc\u30f3\u30c6\u30fc\u30b7\u30e7\u30f3\u3092\u76ee\u7684\u3068\u3057\u3066\u3044\u307e\u3059\u3002<br \/>\u30e6\u30fc\u30b6\u30fc\u306f\u3001\u30dd\u30eb\u30c8\u30ac\u30eb\u6cd5\u304a\u3088\u3073\u5171\u540c\u4f53\u6cd5\u306e\u6761\u4ef6\u306b\u57fa\u3065\u3044\u3066\u3001\u30c7\u30fc\u30bf\u30d9\u30fc\u30b9\u306b\u542b\u307e\u308c\u308b\u30c7\u30fc\u30bf\u306b\u30a2\u30af\u30bb\u30b9\u3057\u3001\u4fee\u6b63\u3057\u3001\u524a\u9664\u3059\u308b\u6a29\u5229\u3092\u6b21\u306e\u65b9\u6cd5\u3067\u4fdd\u8a3c\u3055\u308c\u307e\u3059\u3002<br \/><br \/>- E\u30e1\u30fc\u30eb\uff1a <a href=\"mailto:comunicacao@udoliveirensesad.pt\">comunicacao@udoliveirensesad.pt<\/a>;<br \/>- \u90f5\u4fbf\uff1a<br \/><a href=\"https:\/\/www.google.com\/maps\/dir\/\/Uni%C3%A3o+Desportiva+Oliveirense,+Praceta+Uni%C3%A3o+Desportiva+Oliveirense+Aptd.+1153,+Oliveira+de+Azem%C3%A9is\/@40.8365043,-8.4864862,15z\/data=!4m8!4m7!1m0!1m5!1m1!1s0xd23829e3f4f6fc5:0x80c44999f1bd7ee1!2m2!1d-8.4852998!2d40.8308187?shorturl=1\">\u30d7\u30e9\u30bb\u30bf \u30e6\u30cb\u30a2\u30f3 \u30c7\u30b9\u30dd\u30eb\u30c6\u30a3\u30d0 \u30aa\u30ea\u30f4\u30a7\u30ec\u30f3\u30bb \u30a2\u30d1\u30fc\u30c8\u30e1\u30f3\u30c81153, Oliveira de Azem\u00e9is 3720-256 Oliveira de Azem\u00e9is;<\/a><br \/><\/span><\/p><p>\u00a0<\/p><p>- \u96fb\u8a71\uff1a <a href=\"tel:256682178\">256 682 178<\/a> \uff08\u5168\u56fd\u56fa\u5b9a\u7db2\u3078\u306e\u901a\u8a71\uff09<br \/><br \/>\u30e6\u30fc\u30b6\u30fc\u30c7\u30fc\u30bf\u3092\u4fdd\u8b77\u3059\u308b\u305f\u3081\u306b\u3042\u3089\u3086\u308b\u4e88\u9632\u63aa\u7f6e\u304c\u8b1b\u3058\u3089\u308c\u3066\u3044\u307e\u3059\u304c\u3001UD Oliveirense SAD \u306f\u3001\u8a31\u53ef\u3055\u308c\u3066\u3044\u306a\u3044\u7b2c\u4e09\u8005\u306b\u3088\u308b\u8aa4\u7528\u306b\u3064\u3044\u3066\u8cac\u4efb\u3092\u8ca0\u3046\u3053\u3068\u306f\u3067\u304d\u307e\u305b\u3093\u3002<\/p>\t\t\t\t\t\t<\/div>\n\t\t\t\t<\/div>\n\t\t\t\t<div class=\"elementor-element elementor-element-069a8b2 sc_fly_static elementor-widget elementor-widget-spacer\" data-id=\"069a8b2\" data-element_type=\"widget\" data-widget_type=\"spacer.default\">\n\t\t\t\t<div class=\"elementor-widget-container\">\n\t\t\t\t\t<div class=\"elementor-spacer\">\n\t\t\t<div class=\"elementor-spacer-inner\"><\/div>\n\t\t<\/div>\n\t\t\t\t<\/div>\n\t\t\t\t<\/div>\n\t\t\t\t\t<\/div>\n\t\t<\/div>\n\t\t\t\t\t\t\t<\/div>\n\t\t<\/section>\n\t\t\t\t<section class=\"elementor-section elementor-top-section elementor-element elementor-element-c4f47f4 elementor-section-boxed elementor-section-height-default elementor-section-height-default\" data-id=\"c4f47f4\" data-element_type=\"section\" data-settings=\"{&quot;background_background&quot;:&quot;classic&quot;}\">\n\t\t\t\t\t\t<div class=\"elementor-container elementor-column-gap-extended\">\n\t\t\t\t\t<div class=\"elementor-column elementor-col-100 elementor-top-column elementor-element elementor-element-70cd28d4 sc_inner_width_none sc_layouts_column_icons_position_left\" data-id=\"70cd28d4\" data-element_type=\"column\">\n\t\t\t<div class=\"elementor-widget-wrap elementor-element-populated\">\n\t\t\t\t\t\t\t\t<div class=\"elementor-element elementor-element-e86d327 sc_fly_static elementor-widget elementor-widget-text-editor\" data-id=\"e86d327\" data-element_type=\"widget\" data-widget_type=\"text-editor.default\">\n\t\t\t\t<div class=\"elementor-widget-container\">\n\t\t\t\t\t\t\t<h5>2. \u77e5\u7684\u8ca1\u7523\u6a29<\/h5>\n<span style=\"font-weight: 400;\">\u30a6\u30a7\u30d6\u30b5\u30a4\u30c8 www.udoliveirensesad.pt \u306e\u3059\u3079\u3066\u306e\u8981\u7d20\u306f\u3001\u57fa\u790e\u3068\u306a\u308b\u6280\u8853\u3092\u542b\u3081\u3001\u30d3\u30b8\u30e5\u30a2\u30eb\u307e\u305f\u306f\u30b5\u30a6\u30f3\u30c9\u306b\u304b\u304b\u308f\u3089\u305a\u3001\u8457\u4f5c\u6a29\u3001\u5546\u6a19\u3001\u307e\u305f\u306f\u7279\u8a31\u306b\u3088\u3063\u3066\u4fdd\u8b77\u3055\u308c\u3066\u3044\u307e\u3059\u3002\u3057\u305f\u304c\u3063\u3066\u3001\u305d\u308c\u3089\u306f UD Oliveirense SAD \u306e\u72ec\u5360\u6240\u6709\u7269\u3067\u3059\u3002<br>\n\u30a4\u30f3\u30bf\u30fc\u30cd\u30c3\u30c8\u4e0a\u306b\u500b\u4eba\u306e\u30a6\u30a7\u30d6\u30b5\u30a4\u30c8\u3092\u6301\u3061\u3001\u30a6\u30a7\u30d6\u30b5\u30a4\u30c8 www.udoliveirensesad.pt \u3078\u306e\u7c21\u5358\u306a\u76f4\u63a5\u30ea\u30f3\u30af\u3092\u81ea\u5206\u306e\u30a6\u30a7\u30d6\u30b5\u30a4\u30c8\u306b\u914d\u7f6e\u3057\u305f\u3044\u30e6\u30fc\u30b6\u30fc\u306f\u3001UD Oliveirense SAD \u304b\u3089\u306e\u627f\u8a8d\u3092\u7fa9\u52d9\u7684\u306b\u8981\u6c42\u3059\u308b\u5fc5\u8981\u304c\u3042\u308a\u307e\u3059\u3002\u3053\u306e\u5834\u5408\u3001\u63d0\u643a\u307e\u305f\u306f\u30d1\u30fc\u30c8\u30ca\u30fc\u30b7\u30c3\u30d7\u306e\u6697\u9ed9\u306e\u5408\u610f\u306b\u306f\u306a\u308a\u307e\u305b\u3093\u3002 <br>\u4e00\u65b9\u3001UD Oliveirense SAD \u306e Web \u30b5\u30a4\u30c8\u306b\u5411\u3051\u3089\u308c\u305f\u3001\u30d5\u30ec\u30fc\u30df\u30f3\u30b0\u307e\u305f\u306f\u30a4\u30f3\u30e9\u30a4\u30f3 \u30ea\u30f3\u30af\u6280\u8853\u3092\u4f7f\u7528\u3057\u305f\u30cf\u30a4\u30d1\u30fc\u30ea\u30f3\u30af\u306f\u6b63\u5f0f\u306b\u7981\u6b62\u3055\u308c\u3066\u3044\u307e\u3059\u3002\u3044\u305a\u308c\u306e\u5834\u5408\u3082\u3001UD Oliveirense SAD \u304b\u3089\u8981\u6c42\u304c\u3042\u3063\u305f\u5834\u5408\u306f\u3001\u6697\u9ed9\u7684\u306b\u8a31\u53ef\u3055\u308c\u3066\u3044\u308b\u5834\u5408\u3067\u3082\u3001\u30cf\u30a4\u30d1\u30fc\u30ea\u30f3\u30af\u3092\u524a\u9664\u3059\u308b\u5fc5\u8981\u304c\u3042\u308a\u307e\u3059\u3002<\/span>\n\t\t\t\t\t\t<\/div>\n\t\t\t\t<\/div>\n\t\t\t\t<div class=\"elementor-element elementor-element-7ae844b8 sc_fly_static elementor-widget elementor-widget-spacer\" data-id=\"7ae844b8\" data-element_type=\"widget\" data-widget_type=\"spacer.default\">\n\t\t\t\t<div class=\"elementor-widget-container\">\n\t\t\t\t\t<div class=\"elementor-spacer\">\n\t\t\t<div class=\"elementor-spacer-inner\"><\/div>\n\t\t<\/div>\n\t\t\t\t<\/div>\n\t\t\t\t<\/div>\n\t\t\t\t\t<\/div>\n\t\t<\/div>\n\t\t\t\t\t\t\t<\/div>\n\t\t<\/section>\n\t\t\t\t\t\t\t<\/div>","protected":false},"excerpt":{"rendered":"<p>A pol\u00edtica de privacidade do UD Oliveirense SAD respeita todas as obriga\u00e7\u00f5es legais. O UD Oliveirense SAD compromete-se a n\u00e3o ceder qualquer tipo de dados dos utilizadores a terceiros. As informa\u00e7\u00f5es que os clientes decidem partilhar com o www.udoliveirensesad.pt&hellip;<\/p>","protected":false},"author":1,"featured_media":0,"parent":0,"menu_order":0,"comment_status":"closed","ping_status":"open","template":"","meta":{"footnotes":""},"yoast_head":"<!-- This site is optimized with the Yoast SEO plugin v22.0 - https:\/\/yoast.com\/wordpress\/plugins\/seo\/ -->\n<title>Pol\u00edtica de Privacidade - UD Oliveirense SAD<\/title>\n<meta name=\"robots\" content=\"index, follow, max-snippet:-1, max-image-preview:large, max-video-preview:-1\" \/>\n<link rel=\"canonical\" href=\"https:\/\/udoliveirensesad.pt\/ja\/\u30d7\u30e9\u30a4\u30d0\u30b7\u30fc\u30dd\u30ea\u30b7\u30fc\/\" \/>\n<meta property=\"og:locale\" content=\"ja_JP\" \/>\n<meta property=\"og:type\" content=\"article\" \/>\n<meta property=\"og:title\" content=\"Pol\u00edtica de Privacidade - UD Oliveirense SAD\" \/>\n<meta property=\"og:description\" content=\"A pol\u00edtica de privacidade do UD Oliveirense SAD respeita todas as obriga\u00e7\u00f5es legais. O UD Oliveirense SAD compromete-se a n\u00e3o ceder qualquer tipo de dados dos utilizadores a terceiros. As informa\u00e7\u00f5es que os clientes decidem partilhar com o www.udoliveirensesad.pt&hellip;\" \/>\n<meta property=\"og:url\" content=\"https:\/\/udoliveirensesad.pt\/ja\/\u30d7\u30e9\u30a4\u30d0\u30b7\u30fc\u30dd\u30ea\u30b7\u30fc\/\" \/>\n<meta property=\"og:site_name\" content=\"UD Oliveirense SAD\" \/>\n<meta property=\"article:publisher\" content=\"https:\/\/www.facebook.com\/udoliveirense.sad\/\" \/>\n<meta property=\"article:modified_time\" content=\"2022-11-17T11:38:58+00:00\" \/>\n<meta name=\"twitter:card\" content=\"summary_large_image\" \/>\n<meta name=\"twitter:site\" content=\"@oliveirense_sad\" \/>\n<meta name=\"twitter:label1\" content=\"\u63a8\u5b9a\u8aad\u307f\u53d6\u308a\u6642\u9593\" \/>\n\t<meta name=\"twitter:data1\" content=\"2\u5206\" \/>\n<script type=\"application\/ld+json\" class=\"yoast-schema-graph\">{\"@context\":\"https:\/\/schema.org\",\"@graph\":[{\"@type\":\"WebPage\",\"@id\":\"https:\/\/udoliveirensesad.pt\/politica-de-privacidade\/\",\"url\":\"https:\/\/udoliveirensesad.pt\/politica-de-privacidade\/\",\"name\":\"Pol\u00edtica de Privacidade - UD Oliveirense SAD\",\"isPartOf\":{\"@id\":\"https:\/\/udoliveirensesad.pt\/#website\"},\"datePublished\":\"2018-11-19T09:43:45+00:00\",\"dateModified\":\"2022-11-17T11:38:58+00:00\",\"breadcrumb\":{\"@id\":\"https:\/\/udoliveirensesad.pt\/politica-de-privacidade\/#breadcrumb\"},\"inLanguage\":\"ja\",\"potentialAction\":[{\"@type\":\"ReadAction\",\"target\":[\"https:\/\/udoliveirensesad.pt\/politica-de-privacidade\/\"]}]},{\"@type\":\"BreadcrumbList\",\"@id\":\"https:\/\/udoliveirensesad.pt\/politica-de-privacidade\/#breadcrumb\",\"itemListElement\":[{\"@type\":\"ListItem\",\"position\":1,\"name\":\"In\u00edcio\",\"item\":\"https:\/\/udoliveirensesad.pt\/\"},{\"@type\":\"ListItem\",\"position\":2,\"name\":\"Pol\u00edtica de Privacidade\"}]},{\"@type\":\"WebSite\",\"@id\":\"https:\/\/udoliveirensesad.pt\/#website\",\"url\":\"https:\/\/udoliveirensesad.pt\/\",\"name\":\"UD Oliveirense SAD\",\"description\":\"UD Oliveirense SAD\",\"publisher\":{\"@id\":\"https:\/\/udoliveirensesad.pt\/#organization\"},\"potentialAction\":[{\"@type\":\"SearchAction\",\"target\":{\"@type\":\"EntryPoint\",\"urlTemplate\":\"https:\/\/udoliveirensesad.pt\/?s={search_term_string}\"},\"query-input\":\"required name=search_term_string\"}],\"inLanguage\":\"ja\"},{\"@type\":\"Organization\",\"@id\":\"https:\/\/udoliveirensesad.pt\/#organization\",\"name\":\"UD Oliveirense SAD\",\"url\":\"https:\/\/udoliveirensesad.pt\/\",\"logo\":{\"@type\":\"ImageObject\",\"inLanguage\":\"ja\",\"@id\":\"https:\/\/udoliveirensesad.pt\/#\/schema\/logo\/image\/\",\"url\":\"https:\/\/dev.udoliveirensesad.pt\/wp-content\/uploads\/2021\/11\/UD_Oliveirense-1.png\",\"contentUrl\":\"https:\/\/dev.udoliveirensesad.pt\/wp-content\/uploads\/2021\/11\/UD_Oliveirense-1.png\",\"width\":474,\"height\":568,\"caption\":\"UD Oliveirense SAD\"},\"image\":{\"@id\":\"https:\/\/udoliveirensesad.pt\/#\/schema\/logo\/image\/\"},\"sameAs\":[\"https:\/\/www.facebook.com\/udoliveirense.sad\/\",\"https:\/\/twitter.com\/oliveirense_sad\",\"https:\/\/www.instagram.com\/udoliveirense_sad\/\",\"https:\/\/www.youtube.com\/channel\/UCXH7b1iPSA2Ws1PZnyOdo9w\"]}]}<\/script>\n<!-- \/ Yoast SEO plugin. -->","yoast_head_json":{"title":"Pol\u00edtica de Privacidade - UD Oliveirense SAD","robots":{"index":"index","follow":"follow","max-snippet":"max-snippet:-1","max-image-preview":"max-image-preview:large","max-video-preview":"max-video-preview:-1"},"canonical":"https:\/\/udoliveirensesad.pt\/ja\/\u30d7\u30e9\u30a4\u30d0\u30b7\u30fc\u30dd\u30ea\u30b7\u30fc\/","og_locale":"ja_JP","og_type":"article","og_title":"Pol\u00edtica de Privacidade - UD Oliveirense SAD","og_description":"A pol\u00edtica de privacidade do UD Oliveirense SAD respeita todas as obriga\u00e7\u00f5es legais. O UD Oliveirense SAD compromete-se a n\u00e3o ceder qualquer tipo de dados dos utilizadores a terceiros. As informa\u00e7\u00f5es que os clientes decidem partilhar com o www.udoliveirensesad.pt&hellip;","og_url":"https:\/\/udoliveirensesad.pt\/ja\/\u30d7\u30e9\u30a4\u30d0\u30b7\u30fc\u30dd\u30ea\u30b7\u30fc\/","og_site_name":"UD Oliveirense SAD","article_publisher":"https:\/\/www.facebook.com\/udoliveirense.sad\/","article_modified_time":"2022-11-17T11:38:58+00:00","twitter_card":"summary_large_image","twitter_site":"@oliveirense_sad","twitter_misc":{"\u63a8\u5b9a\u8aad\u307f\u53d6\u308a\u6642\u9593":"2\u5206"},"schema":{"@context":"https:\/\/schema.org","@graph":[{"@type":"WebPage","@id":"https:\/\/udoliveirensesad.pt\/politica-de-privacidade\/","url":"https:\/\/udoliveirensesad.pt\/politica-de-privacidade\/","name":"Pol\u00edtica de Privacidade - UD Oliveirense SAD","isPartOf":{"@id":"https:\/\/udoliveirensesad.pt\/#website"},"datePublished":"2018-11-19T09:43:45+00:00","dateModified":"2022-11-17T11:38:58+00:00","breadcrumb":{"@id":"https:\/\/udoliveirensesad.pt\/politica-de-privacidade\/#breadcrumb"},"inLanguage":"ja","potentialAction":[{"@type":"ReadAction","target":["https:\/\/udoliveirensesad.pt\/politica-de-privacidade\/"]}]},{"@type":"BreadcrumbList","@id":"https:\/\/udoliveirensesad.pt\/politica-de-privacidade\/#breadcrumb","itemListElement":[{"@type":"ListItem","position":1,"name":"In\u00edcio","item":"https:\/\/udoliveirensesad.pt\/"},{"@type":"ListItem","position":2,"name":"Pol\u00edtica de Privacidade"}]},{"@type":"WebSite","@id":"https:\/\/udoliveirensesad.pt\/#website","url":"https:\/\/udoliveirensesad.pt\/","name":"UD Oliveirense SAD","description":"UD Oliveirense SAD","publisher":{"@id":"https:\/\/udoliveirensesad.pt\/#organization"},"potentialAction":[{"@type":"SearchAction","target":{"@type":"EntryPoint","urlTemplate":"https:\/\/udoliveirensesad.pt\/?s={search_term_string}"},"query-input":"required name=search_term_string"}],"inLanguage":"ja"},{"@type":"Organization","@id":"https:\/\/udoliveirensesad.pt\/#organization","name":"UD Oliveirense SAD","url":"https:\/\/udoliveirensesad.pt\/","logo":{"@type":"ImageObject","inLanguage":"ja","@id":"https:\/\/udoliveirensesad.pt\/#\/schema\/logo\/image\/","url":"https:\/\/dev.udoliveirensesad.pt\/wp-content\/uploads\/2021\/11\/UD_Oliveirense-1.png","contentUrl":"https:\/\/dev.udoliveirensesad.pt\/wp-content\/uploads\/2021\/11\/UD_Oliveirense-1.png","width":474,"height":568,"caption":"UD Oliveirense SAD"},"image":{"@id":"https:\/\/udoliveirensesad.pt\/#\/schema\/logo\/image\/"},"sameAs":["https:\/\/www.facebook.com\/udoliveirense.sad\/","https:\/\/twitter.com\/oliveirense_sad","https:\/\/www.instagram.com\/udoliveirense_sad\/","https:\/\/www.youtube.com\/channel\/UCXH7b1iPSA2Ws1PZnyOdo9w"]}]}},"_links":{"self":[{"href":"https:\/\/udoliveirensesad.pt\/ja\/wp-json\/wp\/v2\/pages\/129"}],"collection":[{"href":"https:\/\/udoliveirensesad.pt\/ja\/wp-json\/wp\/v2\/pages"}],"about":[{"href":"https:\/\/udoliveirensesad.pt\/ja\/wp-json\/wp\/v2\/types\/page"}],"author":[{"embeddable":true,"href":"https:\/\/udoliveirensesad.pt\/ja\/wp-json\/wp\/v2\/users\/1"}],"replies":[{"embeddable":true,"href":"https:\/\/udoliveirensesad.pt\/ja\/wp-json\/wp\/v2\/comments?post=129"}],"version-history":[{"count":0,"href":"https:\/\/udoliveirensesad.pt\/ja\/wp-json\/wp\/v2\/pages\/129\/revisions"}],"wp:attachment":[{"href":"https:\/\/udoliveirensesad.pt\/ja\/wp-json\/wp\/v2\/media?parent=129"}],"curies":[{"name":"wp","href":"https:\/\/api.w.org\/{rel}","templated":true}]}}